{"id":416,"date":"2024-09-25T13:30:36","date_gmt":"2024-09-25T13:30:36","guid":{"rendered":"https:\/\/dec-inzell-eishockey.wisto.cc\/?page_id=416"},"modified":"2024-10-22T09:56:32","modified_gmt":"2024-10-22T09:56:32","slug":"eisbeiser","status":"publish","type":"page","link":"https:\/\/dec-inzell.de\/eishockey\/?page_id=416","title":{"rendered":"Eisbeisser"},"content":{"rendered":"\t\t<div data-elementor-type=\"wp-page\" data-elementor-id=\"416\" class=\"elementor elementor-416\" data-elementor-post-type=\"page\">\n\t\t\t\t<div class=\"elementor-element elementor-element-64c9e40a e-con-full e-flex e-con e-parent\" data-id=\"64c9e40a\" data-element_type=\"container\" data-settings=\"{&quot;background_background&quot;:&quot;classic&quot;}\">\n\t\t\t\t<div class=\"elementor-element elementor-element-25eca44b elementor-widget elementor-widget-heading\" data-id=\"25eca44b\" data-element_type=\"widget\" data-widget_type=\"heading.default\">\n\t\t\t\t<div class=\"elementor-widget-container\">\n\t\t\t\t\t<h2 class=\"elementor-heading-title elementor-size-default\">Eisbeisser<\/h2>\t\t\t\t<\/div>\n\t\t\t\t<\/div>\n\t\t\t\t<\/div>\n\t\t<div class=\"elementor-element elementor-element-6f3d7217 e-flex e-con-boxed e-con e-parent\" data-id=\"6f3d7217\" data-element_type=\"container\" data-settings=\"{&quot;background_background&quot;:&quot;classic&quot;}\">\n\t\t\t\t\t<div class=\"e-con-inner\">\n\t\t<div class=\"elementor-element elementor-element-4f0d5f5 e-con-full e-flex e-con e-child\" data-id=\"4f0d5f5\" data-element_type=\"container\">\n\t\t\t\t<div class=\"elementor-element elementor-element-4333b96 elementor-widget elementor-widget-heading\" data-id=\"4333b96\" data-element_type=\"widget\" data-widget_type=\"heading.default\">\n\t\t\t\t<div class=\"elementor-widget-container\">\n\t\t\t\t\t<h2 class=\"elementor-heading-title elementor-size-default\">Eisbeisser<br>\n\n<\/h2>\t\t\t\t<\/div>\n\t\t\t\t<\/div>\n\t\t\t\t<div class=\"elementor-element elementor-element-4a3b99a elementor-widget elementor-widget-text-editor\" data-id=\"4a3b99a\" data-element_type=\"widget\" data-widget_type=\"text-editor.default\">\n\t\t\t\t<div class=\"elementor-widget-container\">\n\t\t\t\t\t\t\t\t\t<p><strong>\u2013 since 1989 \u2013<\/strong><\/p><p>Follow us on Instagram: <a href=\"https:\/\/www.instagram.com\/eisbeisser_inzell\/\">eisbeisser_inzell<\/a><\/p>\t\t\t\t\t\t\t\t<\/div>\n\t\t\t\t<\/div>\n\t\t\t\t<\/div>\n\t\t<div class=\"elementor-element elementor-element-3550c41 e-con-full e-flex e-con e-child\" data-id=\"3550c41\" data-element_type=\"container\">\n\t\t\t\t<div class=\"elementor-element elementor-element-53a4cf4 elementor-widget elementor-widget-image\" data-id=\"53a4cf4\" data-element_type=\"widget\" data-widget_type=\"image.default\">\n\t\t\t\t<div class=\"elementor-widget-container\">\n\t\t\t\t\t\t\t\t\t\t\t\t\t\t\t<img fetchpriority=\"high\" decoding=\"async\" width=\"800\" height=\"814\" src=\"https:\/\/dec-inzell.de\/eishockey\/wp-content\/uploads\/2024\/10\/K_Logo-Eisbeisser-1006x1024.jpg\" class=\"attachment-large size-large wp-image-1359\" alt=\"\" srcset=\"https:\/\/dec-inzell.de\/eishockey\/wp-content\/uploads\/2024\/10\/K_Logo-Eisbeisser-1006x1024.jpg 1006w, https:\/\/dec-inzell.de\/eishockey\/wp-content\/uploads\/2024\/10\/K_Logo-Eisbeisser-295x300.jpg 295w, https:\/\/dec-inzell.de\/eishockey\/wp-content\/uploads\/2024\/10\/K_Logo-Eisbeisser-768x782.jpg 768w, https:\/\/dec-inzell.de\/eishockey\/wp-content\/uploads\/2024\/10\/K_Logo-Eisbeisser-1508x1536.jpg 1508w, https:\/\/dec-inzell.de\/eishockey\/wp-content\/uploads\/2024\/10\/K_Logo-Eisbeisser-2011x2048.jpg 2011w, https:\/\/dec-inzell.de\/eishockey\/wp-content\/uploads\/2024\/10\/K_Logo-Eisbeisser-126x128.jpg 126w, https:\/\/dec-inzell.de\/eishockey\/wp-content\/uploads\/2024\/10\/K_Logo-Eisbeisser-32x32.jpg 32w\" sizes=\"(max-width: 800px) 100vw, 800px\" \/>\t\t\t\t\t\t\t\t\t\t\t\t\t\t\t<\/div>\n\t\t\t\t<\/div>\n\t\t\t\t<\/div>\n\t\t\t\t\t<\/div>\n\t\t\t\t<\/div>\n\t\t<div class=\"elementor-element elementor-element-9924a34 e-flex e-con-boxed e-con e-parent\" data-id=\"9924a34\" data-element_type=\"container\" data-settings=\"{&quot;background_background&quot;:&quot;classic&quot;}\">\n\t\t\t\t\t<div class=\"e-con-inner\">\n\t\t\t\t<div class=\"elementor-element elementor-element-f656aad elementor-widget elementor-widget-text-editor\" data-id=\"f656aad\" data-element_type=\"widget\" data-widget_type=\"text-editor.default\">\n\t\t\t\t<div class=\"elementor-widget-container\">\n\t\t\t\t\t\t\t\t\t<p>Die Eisbeisser wurden 1989 gegr\u00fcndet und treten seither als Hobbymannschaft auf.<\/p><p>Die buntgemischte Gruppe spielt in der <strong>Inn Chiemgau Hockey Liga (ICHL)<\/strong>; <strong>B-Gruppe<\/strong>.<\/p><p>Als zus\u00e4tzliches Schmankerl gelten die Hobby-Hockeyturniere an denen \u201edie Beisser\u201c regelm\u00e4\u00dfig teilnehmen. Austragungsorte sind Inzell als auch Bruneck (S\u00fcdtirol); veranstaltet von ARA-Sport.<\/p><p>Im Vordergrund steht bei den Spielern klar <strong>der Spa\u00df und die Freude am Eishockey<\/strong> als auch \u201ea guade Zeit mit guade Leid\u201c bei gemeinsamen Aktivit\u00e4ten auch abseits vom Eis.<\/p><p>Falls bei Euch Interesse geweckt wurde bei uns mitzutrainieren, gerne melden! Mir gfrein uns auf Eich!<\/p><p>Ansprechpartner: Noah H\u00fctter <a href=\"mailto:huetter.noah@gmx.net\">huetter.noah@gmx.net<\/a><\/p>\t\t\t\t\t\t\t\t<\/div>\n\t\t\t\t<\/div>\n\t\t\t\t\t<\/div>\n\t\t\t\t<\/div>\n\t\t\t\t<\/div>\n\t\t","protected":false},"excerpt":{"rendered":"<p>Eisbeisser Eisbeisser \u2013 since 1989 \u2013 Follow us on Instagram: eisbeisser_inzell Die Eisbeisser wurden 1989 gegr\u00fcndet und treten seither als Hobbymannschaft auf. Die buntgemischte Gruppe spielt in der Inn Chiemgau Hockey Liga (ICHL); B-Gruppe. Als zus\u00e4tzliches Schmankerl gelten die Hobby-Hockeyturniere an denen \u201edie Beisser\u201c regelm\u00e4\u00dfig teilnehmen. Austragungsorte sind Inzell als auch Bruneck (S\u00fcdtirol); veranstaltet von [&hellip;]<\/p>\n","protected":false},"author":1,"featured_media":0,"parent":0,"menu_order":0,"comment_status":"closed","ping_status":"closed","template":"","meta":{"footnotes":""},"class_list":["post-416","page","type-page","status-publish","hentry"],"_links":{"self":[{"href":"https:\/\/dec-inzell.de\/eishockey\/index.php?rest_route=\/wp\/v2\/pages\/416","targetHints":{"allow":["GET"]}}],"collection":[{"href":"https:\/\/dec-inzell.de\/eishockey\/index.php?rest_route=\/wp\/v2\/pages"}],"about":[{"href":"https:\/\/dec-inzell.de\/eishockey\/index.php?rest_route=\/wp\/v2\/types\/page"}],"author":[{"embeddable":true,"href":"https:\/\/dec-inzell.de\/eishockey\/index.php?rest_route=\/wp\/v2\/users\/1"}],"replies":[{"embeddable":true,"href":"https:\/\/dec-inzell.de\/eishockey\/index.php?rest_route=%2Fwp%2Fv2%2Fcomments&post=416"}],"version-history":[{"count":26,"href":"https:\/\/dec-inzell.de\/eishockey\/index.php?rest_route=\/wp\/v2\/pages\/416\/revisions"}],"predecessor-version":[{"id":1760,"href":"https:\/\/dec-inzell.de\/eishockey\/index.php?rest_route=\/wp\/v2\/pages\/416\/revisions\/1760"}],"wp:attachment":[{"href":"https:\/\/dec-inzell.de\/eishockey\/index.php?rest_route=%2Fwp%2Fv2%2Fmedia&parent=416"}],"curies":[{"name":"wp","href":"https:\/\/api.w.org\/{rel}","templated":true}]}}