{"id":410,"date":"2024-09-25T13:26:12","date_gmt":"2024-09-25T13:26:12","guid":{"rendered":"https:\/\/dec-inzell-eishockey.wisto.cc\/?page_id=410"},"modified":"2025-07-28T16:36:44","modified_gmt":"2025-07-28T16:36:44","slug":"ladyhawks","status":"publish","type":"page","link":"https:\/\/dec-inzell.de\/eishockey\/?page_id=410","title":{"rendered":"Ladyhawks"},"content":{"rendered":"\t\t<div data-elementor-type=\"wp-page\" data-elementor-id=\"410\" class=\"elementor elementor-410\" data-elementor-post-type=\"page\">\n\t\t\t\t<div class=\"elementor-element elementor-element-4d7abfff e-con-full e-flex e-con e-parent\" data-id=\"4d7abfff\" data-element_type=\"container\" data-settings=\"{&quot;background_background&quot;:&quot;classic&quot;}\">\n\t\t\t\t<div class=\"elementor-element elementor-element-3bd09e32 elementor-widget elementor-widget-heading\" data-id=\"3bd09e32\" data-element_type=\"widget\" data-widget_type=\"heading.default\">\n\t\t\t\t<div class=\"elementor-widget-container\">\n\t\t\t\t\t<h2 class=\"elementor-heading-title elementor-size-default\">Lady Hawks<\/h2>\t\t\t\t<\/div>\n\t\t\t\t<\/div>\n\t\t\t\t<\/div>\n\t\t<div class=\"elementor-element elementor-element-b31b9c8 e-flex e-con-boxed e-con e-parent\" data-id=\"b31b9c8\" data-element_type=\"container\" data-settings=\"{&quot;background_background&quot;:&quot;classic&quot;}\">\n\t\t\t\t\t<div class=\"e-con-inner\">\n\t\t<div class=\"elementor-element elementor-element-582ff3c e-con-full e-flex e-con e-child\" data-id=\"582ff3c\" data-element_type=\"container\">\n\t\t\t\t<div class=\"elementor-element elementor-element-eddf116 elementor-widget elementor-widget-heading\" data-id=\"eddf116\" data-element_type=\"widget\" data-widget_type=\"heading.default\">\n\t\t\t\t<div class=\"elementor-widget-container\">\n\t\t\t\t\t<h2 class=\"elementor-heading-title elementor-size-default\">Lady Hawks\n\n\n\n\n\n<\/h2>\t\t\t\t<\/div>\n\t\t\t\t<\/div>\n\t\t\t\t<div class=\"elementor-element elementor-element-22177b5 elementor-widget elementor-widget-image\" data-id=\"22177b5\" data-element_type=\"widget\" data-widget_type=\"image.default\">\n\t\t\t\t<div class=\"elementor-widget-container\">\n\t\t\t\t\t\t\t\t\t\t\t\t\t\t\t<img fetchpriority=\"high\" decoding=\"async\" width=\"800\" height=\"579\" src=\"https:\/\/dec-inzell.de\/eishockey\/wp-content\/uploads\/2024\/10\/Lady-Hawks-Final1-e1729490035159-1024x741.png\" class=\"attachment-large size-large wp-image-1506\" alt=\"\" srcset=\"https:\/\/dec-inzell.de\/eishockey\/wp-content\/uploads\/2024\/10\/Lady-Hawks-Final1-e1729490035159-1024x741.png 1024w, https:\/\/dec-inzell.de\/eishockey\/wp-content\/uploads\/2024\/10\/Lady-Hawks-Final1-e1729490035159-300x217.png 300w, https:\/\/dec-inzell.de\/eishockey\/wp-content\/uploads\/2024\/10\/Lady-Hawks-Final1-e1729490035159-768x555.png 768w, https:\/\/dec-inzell.de\/eishockey\/wp-content\/uploads\/2024\/10\/Lady-Hawks-Final1-e1729490035159-128x93.png 128w, https:\/\/dec-inzell.de\/eishockey\/wp-content\/uploads\/2024\/10\/Lady-Hawks-Final1-e1729490035159-32x23.png 32w, https:\/\/dec-inzell.de\/eishockey\/wp-content\/uploads\/2024\/10\/Lady-Hawks-Final1-e1729490035159.png 1080w\" sizes=\"(max-width: 800px) 100vw, 800px\" \/>\t\t\t\t\t\t\t\t\t\t\t\t\t\t\t<\/div>\n\t\t\t\t<\/div>\n\t\t\t\t<\/div>\n\t\t\t\t\t<\/div>\n\t\t\t\t<\/div>\n\t\t<div class=\"elementor-element elementor-element-8f25425 e-flex e-con-boxed e-con e-parent\" data-id=\"8f25425\" data-element_type=\"container\" data-settings=\"{&quot;background_background&quot;:&quot;classic&quot;}\">\n\t\t\t\t\t<div class=\"e-con-inner\">\n\t\t\t\t<div class=\"elementor-element elementor-element-247f87d elementor-widget elementor-widget-text-editor\" data-id=\"247f87d\" data-element_type=\"widget\" data-widget_type=\"text-editor.default\">\n\t\t\t\t<div class=\"elementor-widget-container\">\n\t\t\t\t\t\t\t\t\t<p>Im September 2023 haben wir unser Herzensprojekt \u201eDamen-Eishockey\u201c gestartet \u2013 und heute, mit rund 20 begeisterten Spielerinnen im Alter von 14 bis 60 Jahren, d\u00fcrfen wir mit Stolz sagen: Das Engagement hat sich gelohnt! Die Lady Hawks sind aus Inzell nicht mehr wegzudenken.<\/p><p>In unserer ersten Saison lag der Fokus ganz bewusst auf dem Trainingsbetrieb: Material, Eisgef\u00fchl, Kondition und Technik standen im Vordergrund. In der zweiten Saison wagten wir den n\u00e4chsten Schritt und gr\u00fcndeten die <strong>Alpenliga<\/strong>, eine Damen-Hobbyliga, in der wir das Gelernte endlich im Spiel umsetzen konnten. 2025\/26 gehen wir bereits in die zweite Liga-Saison \u2013 unsere Gegner sind Trostberg, Salzburg, Bad Aibling, Gmunden und vermutlich Waldkraiburg.<\/p><p>Ein riesiges Dankesch\u00f6n geht an unsere Trainer <strong>Stefan Schwabl sen.<\/strong>, <strong>Sepp Strehhuber<\/strong> und <strong>Hans M\u00e4rkl<\/strong> \u2013 f\u00fcr Eure Geduld, Eure Zeit und Euer Engagement. Wir hoffen sehr, dass ihr uns auch weiterhin begleitet!<\/p><p>In der kommenden Saison wollen wir unsere technischen und spielerischen F\u00e4higkeiten weiterentwickeln \u2013 mit Spa\u00df, Freude und echtem Teamzusammenhalt. Denn f\u00fcr uns gilt das Motto: <strong>\u201eWir wolln\u2019 einfach zam Spa\u00df ham\u201c! <\/strong><\/p><p>Du willst Teil der Lady Hawks werden? Dann melde dich gerne unter: <a href=\"mailto:ladyhawks-inzell@gmx.de\">ladyhawks-inzell@gmx.de<\/a>, wir freuen uns auf dich!<\/p>\t\t\t\t\t\t\t\t<\/div>\n\t\t\t\t<\/div>\n\t\t\t\t\t<\/div>\n\t\t\t\t<\/div>\n\t\t\t\t<\/div>\n\t\t","protected":false},"excerpt":{"rendered":"<p>Lady Hawks Lady Hawks Im September 2023 haben wir unser Herzensprojekt \u201eDamen-Eishockey\u201c gestartet \u2013 und heute, mit rund 20 begeisterten Spielerinnen im Alter von 14 bis 60 Jahren, d\u00fcrfen wir mit Stolz sagen: Das Engagement hat sich gelohnt! Die Lady Hawks sind aus Inzell nicht mehr wegzudenken. In unserer ersten Saison lag der Fokus ganz [&hellip;]<\/p>\n","protected":false},"author":1,"featured_media":0,"parent":0,"menu_order":0,"comment_status":"closed","ping_status":"closed","template":"","meta":{"footnotes":""},"class_list":["post-410","page","type-page","status-publish","hentry"],"_links":{"self":[{"href":"https:\/\/dec-inzell.de\/eishockey\/index.php?rest_route=\/wp\/v2\/pages\/410","targetHints":{"allow":["GET"]}}],"collection":[{"href":"https:\/\/dec-inzell.de\/eishockey\/index.php?rest_route=\/wp\/v2\/pages"}],"about":[{"href":"https:\/\/dec-inzell.de\/eishockey\/index.php?rest_route=\/wp\/v2\/types\/page"}],"author":[{"embeddable":true,"href":"https:\/\/dec-inzell.de\/eishockey\/index.php?rest_route=\/wp\/v2\/users\/1"}],"replies":[{"embeddable":true,"href":"https:\/\/dec-inzell.de\/eishockey\/index.php?rest_route=%2Fwp%2Fv2%2Fcomments&post=410"}],"version-history":[{"count":28,"href":"https:\/\/dec-inzell.de\/eishockey\/index.php?rest_route=\/wp\/v2\/pages\/410\/revisions"}],"predecessor-version":[{"id":3315,"href":"https:\/\/dec-inzell.de\/eishockey\/index.php?rest_route=\/wp\/v2\/pages\/410\/revisions\/3315"}],"wp:attachment":[{"href":"https:\/\/dec-inzell.de\/eishockey\/index.php?rest_route=%2Fwp%2Fv2%2Fmedia&parent=410"}],"curies":[{"name":"wp","href":"https:\/\/api.w.org\/{rel}","templated":true}]}}