{"id":356,"date":"2024-09-25T13:00:54","date_gmt":"2024-09-25T13:00:54","guid":{"rendered":"https:\/\/dec-inzell-eishockey.wisto.cc\/?page_id=356"},"modified":"2024-12-19T16:17:43","modified_gmt":"2024-12-19T16:17:43","slug":"news","status":"publish","type":"page","link":"https:\/\/dec-inzell.de\/eishockey\/?page_id=356","title":{"rendered":"News"},"content":{"rendered":"\t\t<div data-elementor-type=\"wp-page\" data-elementor-id=\"356\" class=\"elementor elementor-356\" data-elementor-post-type=\"page\">\n\t\t\t\t<div class=\"elementor-element elementor-element-144cea2 e-flex e-con-boxed e-con e-parent\" data-id=\"144cea2\" data-element_type=\"container\" data-settings=\"{&quot;background_background&quot;:&quot;classic&quot;}\">\n\t\t\t\t\t<div class=\"e-con-inner\">\n\t\t\t\t<div class=\"elementor-element elementor-element-ecf0ce2 elementor-widget elementor-widget-heading\" data-id=\"ecf0ce2\" data-element_type=\"widget\" data-widget_type=\"heading.default\">\n\t\t\t\t<div class=\"elementor-widget-container\">\n\t\t\t\t\t<h2 class=\"elementor-heading-title elementor-size-default\">News<\/h2>\t\t\t\t<\/div>\n\t\t\t\t<\/div>\n\t\t\t\t\t<\/div>\n\t\t\t\t<\/div>\n\t\t<div class=\"elementor-element elementor-element-88c9380 e-flex e-con-boxed e-con e-parent\" data-id=\"88c9380\" data-element_type=\"container\" data-settings=\"{&quot;background_background&quot;:&quot;classic&quot;}\">\n\t\t\t\t\t<div class=\"e-con-inner\">\n\t\t\t\t<div class=\"elementor-element elementor-element-707a293 premium-blog-align-left elementor-widget elementor-widget-premium-addon-blog\" data-id=\"707a293\" data-element_type=\"widget\" data-settings=\"{&quot;premium_blog_layout&quot;:&quot;masonry&quot;,&quot;premium_blog_grid&quot;:&quot;yes&quot;,&quot;premium_blog_columns_number&quot;:&quot;50%&quot;,&quot;premium_blog_columns_number_tablet&quot;:&quot;50%&quot;,&quot;premium_blog_columns_number_mobile&quot;:&quot;100%&quot;,&quot;scroll_to_offset&quot;:&quot;yes&quot;}\" data-widget_type=\"premium-addon-blog.default\">\n\t\t\t\t<div class=\"elementor-widget-container\">\n\t\t\t\t\t\r\n\t\t\t\t<div class=\"premium-blog-wrap  premium-blog-masonry\" data-page=\"356\" data-pagination=\"true\">\r\n\t\t\t\t\t<div class=\"premium-blog-post-outer-container\" data-total=\"4\">\r\n\t\t\t<div class=\"premium-blog-post-container premium-blog-skin-classic\">\r\n\t\t\t\t\t\t\t\t\t<div class=\"premium-blog-thumb-effect-wrapper\">\r\n\t\t\t\t\t\t<div class=\"premium-blog-thumbnail-container premium-blog-zoomin-effect\">\r\n\t\t\t\t\t\t\t<img fetchpriority=\"high\" decoding=\"async\" width=\"2560\" height=\"1920\" src=\"https:\/\/dec-inzell.de\/eishockey\/wp-content\/uploads\/2026\/03\/e2ed074c-1e65-4010-89b2-361017d752f0-scaled.jpg\" class=\"attachment-full size-full wp-image-4385\" alt=\"\" srcset=\"https:\/\/dec-inzell.de\/eishockey\/wp-content\/uploads\/2026\/03\/e2ed074c-1e65-4010-89b2-361017d752f0-scaled.jpg 2560w, https:\/\/dec-inzell.de\/eishockey\/wp-content\/uploads\/2026\/03\/e2ed074c-1e65-4010-89b2-361017d752f0-300x225.jpg 300w, https:\/\/dec-inzell.de\/eishockey\/wp-content\/uploads\/2026\/03\/e2ed074c-1e65-4010-89b2-361017d752f0-1024x768.jpg 1024w, https:\/\/dec-inzell.de\/eishockey\/wp-content\/uploads\/2026\/03\/e2ed074c-1e65-4010-89b2-361017d752f0-768x576.jpg 768w, https:\/\/dec-inzell.de\/eishockey\/wp-content\/uploads\/2026\/03\/e2ed074c-1e65-4010-89b2-361017d752f0-1536x1152.jpg 1536w, https:\/\/dec-inzell.de\/eishockey\/wp-content\/uploads\/2026\/03\/e2ed074c-1e65-4010-89b2-361017d752f0-2048x1536.jpg 2048w, https:\/\/dec-inzell.de\/eishockey\/wp-content\/uploads\/2026\/03\/e2ed074c-1e65-4010-89b2-361017d752f0-128x96.jpg 128w, https:\/\/dec-inzell.de\/eishockey\/wp-content\/uploads\/2026\/03\/e2ed074c-1e65-4010-89b2-361017d752f0-32x24.jpg 32w\" sizes=\"(max-width: 2560px) 100vw, 2560px\" \/>\t\t\t\t\t\t<\/div>\r\n\t\t\t\t\t\t\t\t\t\t\t\t\t<div class=\"premium-blog-thumbnail-overlay\">\r\n\t\t\t\t\t\t\t\t<a class=\"elementor-icon\" href=\"https:\/\/dec-inzell.de\/eishockey\/?p=4384\" target=\"_blank\"><\/a>\r\n\t\t\t\t\t\t\t<\/div>\r\n\r\n\t\t\t\t\t\t\t\t\t\t\t\t\t\t\t\t\t\t<\/div>\r\n\t\t\t\t\t\t\t\t\t\t\t\t<div class=\"premium-blog-content-wrapper \">\r\n\r\n\t\t\t\t\t<div class=\"premium-blog-inner-container\">\r\n\r\n\t\t\t\t\t\t\t\t\t\t\t\t\t\t<h2 class=\"premium-blog-entry-title\">\r\n\t\t\t<a href=\"https:\/\/dec-inzell.de\/eishockey\/?p=4384\" target=\"_blank\">\r\n\t\t\t\tU15 &#8211; Vizemeister in der Bezirksliga im Endturnier in Bad W\u00f6rishofen\t\t\t<\/a>\r\n\t\t<\/h2>\r\n\t\t\t\t<div class=\"premium-blog-entry-meta\">\r\n\t\t\t\t\t\t\t<div class=\"premium-blog-post-author premium-blog-meta-data\">\r\n\t\t\t\t\t<i class=\"fa fa-user fa-fw\" aria-hidden=\"true\"><\/i>\r\n\t\t\t\t\t<a href=\"https:\/\/dec-inzell.de\/eishockey\/?author=3\" title=\"Beitr\u00e4ge von Stefanie Bauregger\" rel=\"author\">Stefanie Bauregger<\/a>\t\t\t\t<\/div>\r\n\t\t\t\r\n\t\t\t\t\t\t\t<span class=\"premium-blog-meta-separator\">\u2022<\/span>\r\n\t\t\t\t<div class=\"premium-blog-post-time premium-blog-meta-data\">\r\n\t\t\t\t\t<i class=\"fa fa-calendar-alt\" aria-hidden=\"true\"><\/i>\r\n\t\t\t\t\t<span>M\u00e4rz 15, 2026<\/span>\r\n\t\t\t\t<\/div>\r\n\t\t\t\r\n\t\t\t\t\t\t\t<span class=\"premium-blog-meta-separator\">\u2022<\/span>\r\n\t\t\t\t<div class=\"premium-blog-post-categories premium-blog-meta-data\">\r\n\t\t\t\t\t<i class=\"fa fa-align-left fa-fw\" aria-hidden=\"true\"><\/i>\r\n\t\t\t\t\t<a href=\"https:\/\/dec-inzell.de\/eishockey\/?cat=1\" rel=\"category\">Alle<\/a>\t\t\t\t<\/div>\r\n\t\t\t\r\n\t\t\t\t\t<\/div>\r\n\t\t\r\n\t\t\t\t\t<\/div>\r\n\r\n\t\t\t\t\t\t\t<div class=\"premium-blog-content-inner-wrapper\">\r\n\t\t<p class=\"premium-blog-post-content\">Ein kr\u00f6nendes Wochenende schlie\u00dft eine erfolgreiche Saison ab. Mit PLATZ ZWEI in der Bezirksliga hat unsere U15 Gro\u00dfartiges erreicht. Die Jungs und \u2026<\/p>\t\t<\/div>\r\n\t\t\t\t\t\t\t\r\n\t\t\t\t<\/div>\r\n\t\t\t<\/div>\r\n\t\t<\/div>\r\n\r\n\t\t\t\t<div class=\"premium-blog-post-outer-container\" data-total=\"4\">\r\n\t\t\t<div class=\"premium-blog-post-container premium-blog-skin-classic\">\r\n\t\t\t\t\t\t\t\t\t<div class=\"premium-blog-thumb-effect-wrapper\">\r\n\t\t\t\t\t\t<div class=\"premium-blog-thumbnail-container premium-blog-zoomin-effect\">\r\n\t\t\t\t\t\t\t<img decoding=\"async\" width=\"2560\" height=\"1920\" src=\"https:\/\/dec-inzell.de\/eishockey\/wp-content\/uploads\/2026\/03\/IMG_8470-scaled.jpeg\" class=\"attachment-full size-full wp-image-4378\" alt=\"\" srcset=\"https:\/\/dec-inzell.de\/eishockey\/wp-content\/uploads\/2026\/03\/IMG_8470-scaled.jpeg 2560w, https:\/\/dec-inzell.de\/eishockey\/wp-content\/uploads\/2026\/03\/IMG_8470-300x225.jpeg 300w, https:\/\/dec-inzell.de\/eishockey\/wp-content\/uploads\/2026\/03\/IMG_8470-1024x768.jpeg 1024w, https:\/\/dec-inzell.de\/eishockey\/wp-content\/uploads\/2026\/03\/IMG_8470-768x576.jpeg 768w, https:\/\/dec-inzell.de\/eishockey\/wp-content\/uploads\/2026\/03\/IMG_8470-1536x1152.jpeg 1536w, https:\/\/dec-inzell.de\/eishockey\/wp-content\/uploads\/2026\/03\/IMG_8470-2048x1536.jpeg 2048w, https:\/\/dec-inzell.de\/eishockey\/wp-content\/uploads\/2026\/03\/IMG_8470-128x96.jpeg 128w, https:\/\/dec-inzell.de\/eishockey\/wp-content\/uploads\/2026\/03\/IMG_8470-32x24.jpeg 32w\" sizes=\"(max-width: 2560px) 100vw, 2560px\" \/>\t\t\t\t\t\t<\/div>\r\n\t\t\t\t\t\t\t\t\t\t\t\t\t<div class=\"premium-blog-thumbnail-overlay\">\r\n\t\t\t\t\t\t\t\t<a class=\"elementor-icon\" href=\"https:\/\/dec-inzell.de\/eishockey\/?p=4377\" target=\"_blank\"><\/a>\r\n\t\t\t\t\t\t\t<\/div>\r\n\r\n\t\t\t\t\t\t\t\t\t\t\t\t\t\t\t\t\t\t<\/div>\r\n\t\t\t\t\t\t\t\t\t\t\t\t<div class=\"premium-blog-content-wrapper \">\r\n\r\n\t\t\t\t\t<div class=\"premium-blog-inner-container\">\r\n\r\n\t\t\t\t\t\t\t\t\t\t\t\t\t\t<h2 class=\"premium-blog-entry-title\">\r\n\t\t\t<a href=\"https:\/\/dec-inzell.de\/eishockey\/?p=4377\" target=\"_blank\">\r\n\t\t\t\tR\u00fcckblick auf\u00b4s Meisterschaftsturnier der U13 Junfalken in T\u00fcrkheim\t\t\t<\/a>\r\n\t\t<\/h2>\r\n\t\t\t\t<div class=\"premium-blog-entry-meta\">\r\n\t\t\t\t\t\t\t<div class=\"premium-blog-post-author premium-blog-meta-data\">\r\n\t\t\t\t\t<i class=\"fa fa-user fa-fw\" aria-hidden=\"true\"><\/i>\r\n\t\t\t\t\t<a href=\"https:\/\/dec-inzell.de\/eishockey\/?author=3\" title=\"Beitr\u00e4ge von Stefanie Bauregger\" rel=\"author\">Stefanie Bauregger<\/a>\t\t\t\t<\/div>\r\n\t\t\t\r\n\t\t\t\t\t\t\t<span class=\"premium-blog-meta-separator\">\u2022<\/span>\r\n\t\t\t\t<div class=\"premium-blog-post-time premium-blog-meta-data\">\r\n\t\t\t\t\t<i class=\"fa fa-calendar-alt\" aria-hidden=\"true\"><\/i>\r\n\t\t\t\t\t<span>M\u00e4rz 9, 2026<\/span>\r\n\t\t\t\t<\/div>\r\n\t\t\t\r\n\t\t\t\t\t\t\t<span class=\"premium-blog-meta-separator\">\u2022<\/span>\r\n\t\t\t\t<div class=\"premium-blog-post-categories premium-blog-meta-data\">\r\n\t\t\t\t\t<i class=\"fa fa-align-left fa-fw\" aria-hidden=\"true\"><\/i>\r\n\t\t\t\t\t<a href=\"https:\/\/dec-inzell.de\/eishockey\/?cat=1\" rel=\"category\">Alle<\/a>\t\t\t\t<\/div>\r\n\t\t\t\r\n\t\t\t\t\t<\/div>\r\n\t\t\r\n\t\t\t\t\t<\/div>\r\n\r\n\t\t\t\t\t\t\t<div class=\"premium-blog-content-inner-wrapper\">\r\n\t\t<p class=\"premium-blog-post-content\">Beim Endturnier der Bezirksliga zeigte unsere U13 des DEC Inzell noch einmal, was in ihr steckt: Leidenschaft, Teamgeist und echter Inzeller Kampfgeist. \u2026<\/p>\t\t<\/div>\r\n\t\t\t\t\t\t\t\r\n\t\t\t\t<\/div>\r\n\t\t\t<\/div>\r\n\t\t<\/div>\r\n\r\n\t\t\t\t<div class=\"premium-blog-post-outer-container\" data-total=\"4\">\r\n\t\t\t<div class=\"premium-blog-post-container premium-blog-skin-classic\">\r\n\t\t\t\t\t\t\t\t\t<div class=\"premium-blog-thumb-effect-wrapper\">\r\n\t\t\t\t\t\t<div class=\"premium-blog-thumbnail-container premium-blog-zoomin-effect\">\r\n\t\t\t\t\t\t\t<img decoding=\"async\" width=\"316\" height=\"262\" src=\"https:\/\/dec-inzell.de\/eishockey\/wp-content\/uploads\/2024\/06\/cropped-Falken-Logo.png\" class=\"attachment-full size-full wp-image-2731\" alt=\"\" srcset=\"https:\/\/dec-inzell.de\/eishockey\/wp-content\/uploads\/2024\/06\/cropped-Falken-Logo.png 316w, https:\/\/dec-inzell.de\/eishockey\/wp-content\/uploads\/2024\/06\/cropped-Falken-Logo-300x249.png 300w, https:\/\/dec-inzell.de\/eishockey\/wp-content\/uploads\/2024\/06\/cropped-Falken-Logo-128x106.png 128w, https:\/\/dec-inzell.de\/eishockey\/wp-content\/uploads\/2024\/06\/cropped-Falken-Logo-32x27.png 32w\" sizes=\"(max-width: 316px) 100vw, 316px\" \/>\t\t\t\t\t\t<\/div>\r\n\t\t\t\t\t\t\t\t\t\t\t\t\t<div class=\"premium-blog-thumbnail-overlay\">\r\n\t\t\t\t\t\t\t\t<a class=\"elementor-icon\" href=\"https:\/\/dec-inzell.de\/eishockey\/?p=4369\" target=\"_blank\"><\/a>\r\n\t\t\t\t\t\t\t<\/div>\r\n\r\n\t\t\t\t\t\t\t\t\t\t\t\t\t\t\t\t\t\t<\/div>\r\n\t\t\t\t\t\t\t\t\t\t\t\t<div class=\"premium-blog-content-wrapper \">\r\n\r\n\t\t\t\t\t<div class=\"premium-blog-inner-container\">\r\n\r\n\t\t\t\t\t\t\t\t\t\t\t\t\t\t<h2 class=\"premium-blog-entry-title\">\r\n\t\t\t<a href=\"https:\/\/dec-inzell.de\/eishockey\/?p=4369\" target=\"_blank\">\r\n\t\t\t\tF\u00f6rderverein Jungfalken e.V. \u2013 Wir brauchen Eure Unterst\u00fctzung f\u00fcr unsere Eishockeyjugend des DEC Inzell\t\t\t<\/a>\r\n\t\t<\/h2>\r\n\t\t\t\t<div class=\"premium-blog-entry-meta\">\r\n\t\t\t\t\t\t\t<div class=\"premium-blog-post-author premium-blog-meta-data\">\r\n\t\t\t\t\t<i class=\"fa fa-user fa-fw\" aria-hidden=\"true\"><\/i>\r\n\t\t\t\t\t<a href=\"https:\/\/dec-inzell.de\/eishockey\/?author=3\" title=\"Beitr\u00e4ge von Stefanie Bauregger\" rel=\"author\">Stefanie Bauregger<\/a>\t\t\t\t<\/div>\r\n\t\t\t\r\n\t\t\t\t\t\t\t<span class=\"premium-blog-meta-separator\">\u2022<\/span>\r\n\t\t\t\t<div class=\"premium-blog-post-time premium-blog-meta-data\">\r\n\t\t\t\t\t<i class=\"fa fa-calendar-alt\" aria-hidden=\"true\"><\/i>\r\n\t\t\t\t\t<span>M\u00e4rz 7, 2026<\/span>\r\n\t\t\t\t<\/div>\r\n\t\t\t\r\n\t\t\t\t\t\t\t<span class=\"premium-blog-meta-separator\">\u2022<\/span>\r\n\t\t\t\t<div class=\"premium-blog-post-categories premium-blog-meta-data\">\r\n\t\t\t\t\t<i class=\"fa fa-align-left fa-fw\" aria-hidden=\"true\"><\/i>\r\n\t\t\t\t\t<a href=\"https:\/\/dec-inzell.de\/eishockey\/?cat=1\" rel=\"category\">Alle<\/a>\t\t\t\t<\/div>\r\n\t\t\t\r\n\t\t\t\t\t<\/div>\r\n\t\t\r\n\t\t\t\t\t<\/div>\r\n\r\n\t\t\t\t\t\t\t<div class=\"premium-blog-content-inner-wrapper\">\r\n\t\t<p class=\"premium-blog-post-content\">Zum Schluss der Saison schon an die n\u00e4chste Saison denken! Wie auch in den vergangenen Jahren ist es unser zentrales Anliegen, die \u2026<\/p>\t\t<\/div>\r\n\t\t\t\t\t\t\t\r\n\t\t\t\t<\/div>\r\n\t\t\t<\/div>\r\n\t\t<\/div>\r\n\r\n\t\t\t\t<div class=\"premium-blog-post-outer-container\" data-total=\"4\">\r\n\t\t\t<div class=\"premium-blog-post-container premium-blog-skin-classic\">\r\n\t\t\t\t\t\t\t\t\t<div class=\"premium-blog-thumb-effect-wrapper\">\r\n\t\t\t\t\t\t<div class=\"premium-blog-thumbnail-container premium-blog-zoomin-effect\">\r\n\t\t\t\t\t\t\t<img loading=\"lazy\" decoding=\"async\" width=\"1439\" height=\"818\" src=\"https:\/\/dec-inzell.de\/eishockey\/wp-content\/uploads\/2026\/03\/WoidlEfi.jpg\" class=\"attachment-full size-full wp-image-4352\" alt=\"\" srcset=\"https:\/\/dec-inzell.de\/eishockey\/wp-content\/uploads\/2026\/03\/WoidlEfi.jpg 1439w, https:\/\/dec-inzell.de\/eishockey\/wp-content\/uploads\/2026\/03\/WoidlEfi-300x171.jpg 300w, https:\/\/dec-inzell.de\/eishockey\/wp-content\/uploads\/2026\/03\/WoidlEfi-1024x582.jpg 1024w, https:\/\/dec-inzell.de\/eishockey\/wp-content\/uploads\/2026\/03\/WoidlEfi-768x437.jpg 768w, https:\/\/dec-inzell.de\/eishockey\/wp-content\/uploads\/2026\/03\/WoidlEfi-128x73.jpg 128w, https:\/\/dec-inzell.de\/eishockey\/wp-content\/uploads\/2026\/03\/WoidlEfi-32x18.jpg 32w\" sizes=\"(max-width: 1439px) 100vw, 1439px\" \/>\t\t\t\t\t\t<\/div>\r\n\t\t\t\t\t\t\t\t\t\t\t\t\t<div class=\"premium-blog-thumbnail-overlay\">\r\n\t\t\t\t\t\t\t\t<a class=\"elementor-icon\" href=\"https:\/\/dec-inzell.de\/eishockey\/?p=4351\" target=\"_blank\"><\/a>\r\n\t\t\t\t\t\t\t<\/div>\r\n\r\n\t\t\t\t\t\t\t\t\t\t\t\t\t\t\t\t\t\t<\/div>\r\n\t\t\t\t\t\t\t\t\t\t\t\t<div class=\"premium-blog-content-wrapper \">\r\n\r\n\t\t\t\t\t<div class=\"premium-blog-inner-container\">\r\n\r\n\t\t\t\t\t\t\t\t\t\t\t\t\t\t<h2 class=\"premium-blog-entry-title\">\r\n\t\t\t<a href=\"https:\/\/dec-inzell.de\/eishockey\/?p=4351\" target=\"_blank\">\r\n\t\t\t\tWechsel in der Abteilungs- und Jugendleitung Eishockey\t\t\t<\/a>\r\n\t\t<\/h2>\r\n\t\t\t\t<div class=\"premium-blog-entry-meta\">\r\n\t\t\t\t\t\t\t<div class=\"premium-blog-post-author premium-blog-meta-data\">\r\n\t\t\t\t\t<i class=\"fa fa-user fa-fw\" aria-hidden=\"true\"><\/i>\r\n\t\t\t\t\t<a href=\"https:\/\/dec-inzell.de\/eishockey\/?author=3\" title=\"Beitr\u00e4ge von Stefanie Bauregger\" rel=\"author\">Stefanie Bauregger<\/a>\t\t\t\t<\/div>\r\n\t\t\t\r\n\t\t\t\t\t\t\t<span class=\"premium-blog-meta-separator\">\u2022<\/span>\r\n\t\t\t\t<div class=\"premium-blog-post-time premium-blog-meta-data\">\r\n\t\t\t\t\t<i class=\"fa fa-calendar-alt\" aria-hidden=\"true\"><\/i>\r\n\t\t\t\t\t<span>M\u00e4rz 7, 2026<\/span>\r\n\t\t\t\t<\/div>\r\n\t\t\t\r\n\t\t\t\t\t\t\t<span class=\"premium-blog-meta-separator\">\u2022<\/span>\r\n\t\t\t\t<div class=\"premium-blog-post-categories premium-blog-meta-data\">\r\n\t\t\t\t\t<i class=\"fa fa-align-left fa-fw\" aria-hidden=\"true\"><\/i>\r\n\t\t\t\t\t<a href=\"https:\/\/dec-inzell.de\/eishockey\/?cat=1\" rel=\"category\">Alle<\/a>\t\t\t\t<\/div>\r\n\t\t\t\r\n\t\t\t\t\t<\/div>\r\n\t\t\r\n\t\t\t\t\t<\/div>\r\n\r\n\t\t\t\t\t\t\t<div class=\"premium-blog-content-inner-wrapper\">\r\n\t\t<p class=\"premium-blog-post-content\">Beim DEC Inzell\u2011Frillensee e.V. steht ein bedeutender personeller Wechsel in der Abteilung Eishockey bevor. Christian Surauer (Abteilungsleitung) und Fr\u00e9d\u00e9ric Gelloz (Jugendleitung) m\u00fcssen \u2026<\/p>\t\t<\/div>\r\n\t\t\t\t\t\t\t\r\n\t\t\t\t<\/div>\r\n\t\t\t<\/div>\r\n\t\t<\/div>\r\n\r\n\t\t\t\t<\/div>\r\n\r\n\t\t\t\t<div class=\"premium-blog-footer\">\r\n\t\t\t\t\t\t<nav class=\"premium-blog-pagination-container\" role=\"navigation\" aria-label=\"Paginierung\">\r\n\t\t\t\t<span aria-current=\"page\" class=\"page-numbers current\">1<\/span>\n<a class=\"page-numbers\" href=\"https:\/\/dec-inzell.de\/eishockey\/index.php\/?paged=2\">2<\/a>\n<a class=\"page-numbers\" href=\"https:\/\/dec-inzell.de\/eishockey\/index.php\/?paged=3\">3<\/a>\n<a class=\"page-numbers\" href=\"https:\/\/dec-inzell.de\/eishockey\/index.php\/?paged=4\">4<\/a>\n<a class=\"next page-numbers\" href=\"https:\/\/dec-inzell.de\/eishockey\/index.php\/?paged=2\">Weiter \u00bb<\/a>\t\t\t<\/nav>\r\n\t\t\t\t\t<\/div>\r\n\t\t\t\t\t\t\t<\/div>\n\t\t\t\t<\/div>\n\t\t\t\t\t<\/div>\n\t\t\t\t<\/div>\n\t\t\t\t<\/div>\n\t\t","protected":false},"excerpt":{"rendered":"<p>News DEC Inzell holt einen Heimsieg DEC Inzell holt einen Heimsieg Stefanie Bauregger \u2022 Dezember 16, 2024 \u2022 Alle Regionalsport TS vom 16.12. Link zum Artikel hier: DEC Inzell holt einen Heimsieg \u00bbNegativserie beenden\u00ab: DEC Inzell in der Bezirksliga mit zwei Spielen \u00bbNegativserie beenden\u00ab: DEC Inzell in der Bezirksliga mit zwei Spielen Stefanie Bauregger \u2022 [&hellip;]<\/p>\n","protected":false},"author":1,"featured_media":0,"parent":0,"menu_order":0,"comment_status":"closed","ping_status":"closed","template":"","meta":{"footnotes":""},"class_list":["post-356","page","type-page","status-publish","hentry"],"_links":{"self":[{"href":"https:\/\/dec-inzell.de\/eishockey\/index.php?rest_route=\/wp\/v2\/pages\/356","targetHints":{"allow":["GET"]}}],"collection":[{"href":"https:\/\/dec-inzell.de\/eishockey\/index.php?rest_route=\/wp\/v2\/pages"}],"about":[{"href":"https:\/\/dec-inzell.de\/eishockey\/index.php?rest_route=\/wp\/v2\/types\/page"}],"author":[{"embeddable":true,"href":"https:\/\/dec-inzell.de\/eishockey\/index.php?rest_route=\/wp\/v2\/users\/1"}],"replies":[{"embeddable":true,"href":"https:\/\/dec-inzell.de\/eishockey\/index.php?rest_route=%2Fwp%2Fv2%2Fcomments&post=356"}],"version-history":[{"count":52,"href":"https:\/\/dec-inzell.de\/eishockey\/index.php?rest_route=\/wp\/v2\/pages\/356\/revisions"}],"predecessor-version":[{"id":2757,"href":"https:\/\/dec-inzell.de\/eishockey\/index.php?rest_route=\/wp\/v2\/pages\/356\/revisions\/2757"}],"wp:attachment":[{"href":"https:\/\/dec-inzell.de\/eishockey\/index.php?rest_route=%2Fwp%2Fv2%2Fmedia&parent=356"}],"curies":[{"name":"wp","href":"https:\/\/api.w.org\/{rel}","templated":true}]}}