{"id":1930,"date":"2024-10-28T06:51:42","date_gmt":"2024-10-28T06:51:42","guid":{"rendered":"https:\/\/dec-inzell-eishockey.wisto.cc\/?page_id=1930"},"modified":"2024-10-28T06:53:41","modified_gmt":"2024-10-28T06:53:41","slug":"impressum","status":"publish","type":"page","link":"https:\/\/dec-inzell.de\/eishockey\/?page_id=1930","title":{"rendered":"Impressum"},"content":{"rendered":"\t\t<div data-elementor-type=\"wp-page\" data-elementor-id=\"1930\" class=\"elementor elementor-1930\" data-elementor-post-type=\"page\">\n\t\t\t\t<div class=\"elementor-element elementor-element-dcf76d5 e-flex e-con-boxed e-con e-parent\" data-id=\"dcf76d5\" data-element_type=\"container\" data-settings=\"{&quot;background_background&quot;:&quot;classic&quot;}\">\n\t\t\t\t\t<div class=\"e-con-inner\">\n\t\t\t\t<div class=\"elementor-element elementor-element-8968e4e elementor-widget elementor-widget-heading\" data-id=\"8968e4e\" data-element_type=\"widget\" data-widget_type=\"heading.default\">\n\t\t\t\t<div class=\"elementor-widget-container\">\n\t\t\t\t\t<h2 class=\"elementor-heading-title elementor-size-default\">Impressum<\/h2>\t\t\t\t<\/div>\n\t\t\t\t<\/div>\n\t\t\t\t<div class=\"elementor-element elementor-element-9f64582 elementor-widget elementor-widget-text-editor\" data-id=\"9f64582\" data-element_type=\"widget\" data-widget_type=\"text-editor.default\">\n\t\t\t\t<div class=\"elementor-widget-container\">\n\t\t\t\t\t\t\t\t\t<p>Verantwortlich f\u00fcr den Inhalt:<\/p><p>DEC\u00a0Inzell-Frillensee e.V., vertreten durch Josef Dufter<br \/>Postalische Anschrift: Reichenhaller Str. 79, 83334 Inzell<br \/>Telefon: 08665 \/ 9881-11<br \/><a href=\"mailto:eishockey-inzell@outlook.de\">eishockey-inzell@outlook.de<\/a><\/p><p><strong>Konzept und Programmierung<\/strong><\/p><p>PRODESIGN GmbH, Laufener Str. 5, 83395 Freilassing <a href=\"http:\/\/www.prodesign.cc\">www.prodesign.cc<\/a><\/p>\t\t\t\t\t\t\t\t<\/div>\n\t\t\t\t<\/div>\n\t\t\t\t<div class=\"elementor-element elementor-element-01eecb9 elementor-widget elementor-widget-text-editor\" data-id=\"01eecb9\" data-element_type=\"widget\" data-widget_type=\"text-editor.default\">\n\t\t\t\t<div class=\"elementor-widget-container\">\n\t\t\t\t\t\t\t\t\t<p>Urheberrecht<\/p><p>S\u00e4mtliche Inhalte dieser Seite sind urheberrechtlich gesch\u00fctzt. Jede programmtechnische Auswertung, programmtechnische Vervielf\u00e4ltigung der Seiteninhalte durch Dritte, auch auszugsweise, ist ausdr\u00fccklich untersagt. Ausnahmen hiervon bed\u00fcrfen einer schriftlichen Genehmigung des\u00a0DEC\u00a0Inzell-Frillensee e.V. Der\u00a0DEC\u00a0Inzell-Frillensee e.V. beh\u00e4lt sich vor, diese Genehmigung jederzeit zu widerrufen.<\/p><p>Datenschutz, Daten\u00fcbermittlung<\/p><p>Wir weisen darauf hin, dass die \u00dcbermittlung Ihrer Daten im Internet unverschl\u00fcsselt erfolgt, wenn keine kryptografischen Verfahren angewendet werden. Demzufolge ist eine unberechtigte Kenntnisnahme durch Dritte w\u00e4hrend der \u00dcbertragung nicht g\u00e4nzlich auszuschlie\u00dfen.<\/p><p>Erhebung und Verarbeitung personenbezogener Daten<\/p><p>Jeder Zugriff auf unsere Website und jeder Abruf einer auf der Website hinterlegten Datei werden protokolliert. Die Speicherung dient internen systembezogenen und statistischen Zwecken. Protokolliert werden: Name der abgerufenen Datei, Datum und Uhrzeit des Abrufs, \u00fcbertragene Datenmenge, Meldung \u00fcber erfolgreichen Abruf, Webbrowser und anfragende Domain. Zus\u00e4tzlich werden die IP Adressen der anfragenden Rechner protokolliert.<\/p><p>Weitergehende personenbezogene Daten werden nur erfasst, wenn Sie diese Angaben freiwillig, etwa im Rahmen einer Anfrage, machen.<\/p>\t\t\t\t\t\t\t\t<\/div>\n\t\t\t\t<\/div>\n\t\t\t\t\t<\/div>\n\t\t\t\t<\/div>\n\t\t\t\t<\/div>\n\t\t","protected":false},"excerpt":{"rendered":"<p>Impressum Verantwortlich f\u00fcr den Inhalt: DEC\u00a0Inzell-Frillensee e.V., vertreten durch Josef DufterPostalische Anschrift: Reichenhaller Str. 79, 83334 InzellTelefon: 08665 \/ 9881-11eishockey-inzell@outlook.de Konzept und Programmierung PRODESIGN GmbH, Laufener Str. 5, 83395 Freilassing www.prodesign.cc Urheberrecht S\u00e4mtliche Inhalte dieser Seite sind urheberrechtlich gesch\u00fctzt. Jede programmtechnische Auswertung, programmtechnische Vervielf\u00e4ltigung der Seiteninhalte durch Dritte, auch auszugsweise, ist ausdr\u00fccklich untersagt. Ausnahmen hiervon [&hellip;]<\/p>\n","protected":false},"author":1,"featured_media":0,"parent":0,"menu_order":0,"comment_status":"closed","ping_status":"closed","template":"","meta":{"footnotes":""},"class_list":["post-1930","page","type-page","status-publish","hentry"],"_links":{"self":[{"href":"https:\/\/dec-inzell.de\/eishockey\/index.php?rest_route=\/wp\/v2\/pages\/1930","targetHints":{"allow":["GET"]}}],"collection":[{"href":"https:\/\/dec-inzell.de\/eishockey\/index.php?rest_route=\/wp\/v2\/pages"}],"about":[{"href":"https:\/\/dec-inzell.de\/eishockey\/index.php?rest_route=\/wp\/v2\/types\/page"}],"author":[{"embeddable":true,"href":"https:\/\/dec-inzell.de\/eishockey\/index.php?rest_route=\/wp\/v2\/users\/1"}],"replies":[{"embeddable":true,"href":"https:\/\/dec-inzell.de\/eishockey\/index.php?rest_route=%2Fwp%2Fv2%2Fcomments&post=1930"}],"version-history":[{"count":4,"href":"https:\/\/dec-inzell.de\/eishockey\/index.php?rest_route=\/wp\/v2\/pages\/1930\/revisions"}],"predecessor-version":[{"id":1934,"href":"https:\/\/dec-inzell.de\/eishockey\/index.php?rest_route=\/wp\/v2\/pages\/1930\/revisions\/1934"}],"wp:attachment":[{"href":"https:\/\/dec-inzell.de\/eishockey\/index.php?rest_route=%2Fwp%2Fv2%2Fmedia&parent=1930"}],"curies":[{"name":"wp","href":"https:\/\/api.w.org\/{rel}","templated":true}]}}